{"id":79,"date":"2019-11-13T16:34:29","date_gmt":"2019-11-13T15:34:29","guid":{"rendered":"https:\/\/el-ta.com.pl\/?page_id=79"},"modified":"2019-12-13T16:06:41","modified_gmt":"2019-12-13T15:06:41","slug":"marynowane","status":"publish","type":"page","link":"http:\/\/el-ta.com.pl\/index.php\/marynowane\/","title":{"rendered":"Grzyby marynowane"},"content":{"rendered":"\n<p> Uznaje si\u0119, \u017ce do marynowania nadaj\u0105 si\u0119 wszystkie grzyby jadalne, niekt\u00f3rzy eksperci wskazuj\u0105 tylko niekt\u00f3re gatunki do tego idealne &#8211; i tak &#8211; najlepiej wi\u0119c marynowa\u0107: Borowik Szlachetny, Podgrzybek Brunatny, Pieprznik Jadalny zwany Kurk\u0105, Ma\u015blak Zwyczajny, Ko\u017alarz, G\u0105ska zwana zielonk\u0105 . Wed\u0142ug tradycyjnych receptur nie powinno si\u0119 miesza\u0107 r\u00f3\u017cnych gatunk\u00f3w w jednym s\u0142oiku. Do marynowania wybieramy grzyby najlepszej jako\u015bci: nierobaczywe, twarde, niezwiotcza\u0142e.. <\/p>\n\n\n\n<h4 class=\"wp-block-heading\"> <br>Podgrzybek Brunatny marynowany <\/h4>\n\n\n\n<ul class=\"wp-block-gallery columns-3 is-cropped wp-block-gallery-1 is-layout-flex wp-block-gallery-is-layout-flex\"><li class=\"blocks-gallery-item\"><figure><a href=\"https:\/\/el-ta.com.pl\/wp-content\/uploads\/2019\/11\/unnamed-1-4-1024x768.jpg\"><img loading=\"lazy\" decoding=\"async\" width=\"1024\" height=\"768\" src=\"https:\/\/el-ta.com.pl\/wp-content\/uploads\/2019\/11\/unnamed-1-4-1024x768.jpg\" alt=\"\" data-id=\"233\" data-link=\"https:\/\/el-ta.com.pl\/index.php\/marynowane\/unnamed-1-5\/\" class=\"wp-image-233\" srcset=\"http:\/\/el-ta.com.pl\/wp-content\/uploads\/2019\/11\/unnamed-1-4-1024x768.jpg 1024w, http:\/\/el-ta.com.pl\/wp-content\/uploads\/2019\/11\/unnamed-1-4-300x225.jpg 300w, http:\/\/el-ta.com.pl\/wp-content\/uploads\/2019\/11\/unnamed-1-4-768x576.jpg 768w\" sizes=\"auto, (max-width: 1024px) 100vw, 1024px\" \/><\/a><figcaption>PODGRZYBEK BRUNATNY MARYNOWANY 245ml<\/figcaption><\/figure><\/li><li class=\"blocks-gallery-item\"><figure><a href=\"https:\/\/el-ta.com.pl\/wp-content\/uploads\/2019\/11\/podgrzybek-marynowany-ma\u0142y.jpg\"><img loading=\"lazy\" decoding=\"async\" width=\"3024\" height=\"4032\" src=\"https:\/\/el-ta.com.pl\/wp-content\/uploads\/2019\/11\/podgrzybek-marynowany-ma\u0142y.jpg\" alt=\"\" data-id=\"214\" data-link=\"https:\/\/el-ta.com.pl\/index.php\/marynowane\/podgrzybek-marynowany-maly\/\" class=\"wp-image-214\" srcset=\"http:\/\/el-ta.com.pl\/wp-content\/uploads\/2019\/11\/podgrzybek-marynowany-ma\u0142y.jpg 3024w, http:\/\/el-ta.com.pl\/wp-content\/uploads\/2019\/11\/podgrzybek-marynowany-ma\u0142y-225x300.jpg 225w\" sizes=\"auto, (max-width: 3024px) 100vw, 3024px\" \/><\/a><figcaption>PODGRZYBEK BRUNATNY MARYNOWANY + \u015aWIECZKA 245ml<\/figcaption><\/figure><\/li><li class=\"blocks-gallery-item\"><figure><a href=\"https:\/\/el-ta.com.pl\/wp-content\/uploads\/2019\/11\/podgrzybek-marynowany-ca\u0142y-du\u017cy-768x1024.jpg\"><img loading=\"lazy\" decoding=\"async\" width=\"768\" height=\"1024\" src=\"https:\/\/el-ta.com.pl\/wp-content\/uploads\/2019\/11\/podgrzybek-marynowany-ca\u0142y-du\u017cy-768x1024.jpg\" alt=\"\" data-id=\"213\" data-link=\"https:\/\/el-ta.com.pl\/index.php\/marynowane\/podgrzybek-marynowany-caly-duzy\/\" class=\"wp-image-213\" srcset=\"http:\/\/el-ta.com.pl\/wp-content\/uploads\/2019\/11\/podgrzybek-marynowany-ca\u0142y-du\u017cy-768x1024.jpg 768w, http:\/\/el-ta.com.pl\/wp-content\/uploads\/2019\/11\/podgrzybek-marynowany-ca\u0142y-du\u017cy-225x300.jpg 225w\" sizes=\"auto, (max-width: 768px) 100vw, 768px\" \/><\/a><figcaption>PODGRZYBEK BRUNATNY MARYNOWANY 315ml<\/figcaption><\/figure><\/li><li class=\"blocks-gallery-item\"><figure><a href=\"https:\/\/el-ta.com.pl\/wp-content\/uploads\/2019\/11\/unnamed-2-3-1024x768.jpg\"><img loading=\"lazy\" decoding=\"async\" width=\"1024\" height=\"768\" src=\"https:\/\/el-ta.com.pl\/wp-content\/uploads\/2019\/11\/unnamed-2-3-1024x768.jpg\" alt=\"\" data-id=\"234\" data-link=\"https:\/\/el-ta.com.pl\/index.php\/marynowane\/unnamed-2-4\/\" class=\"wp-image-234\" srcset=\"http:\/\/el-ta.com.pl\/wp-content\/uploads\/2019\/11\/unnamed-2-3-1024x768.jpg 1024w, http:\/\/el-ta.com.pl\/wp-content\/uploads\/2019\/11\/unnamed-2-3-300x225.jpg 300w, http:\/\/el-ta.com.pl\/wp-content\/uploads\/2019\/11\/unnamed-2-3-768x576.jpg 768w\" sizes=\"auto, (max-width: 1024px) 100vw, 1024px\" \/><\/a><figcaption>PODGRZYBEK BRUNATNY MARYNOWANY 315ml, 900ml<\/figcaption><\/figure><\/li><\/ul>\n\n\n\n<h4 class=\"wp-block-heading\">Borowik Szlachetny marynowany<\/h4>\n\n\n\n<ul class=\"wp-block-gallery columns-2 is-cropped wp-block-gallery-2 is-layout-flex wp-block-gallery-is-layout-flex\"><li class=\"blocks-gallery-item\"><figure><a href=\"https:\/\/el-ta.com.pl\/wp-content\/uploads\/2019\/11\/unnamed-3-1-1024x768.jpg\"><img loading=\"lazy\" decoding=\"async\" width=\"1024\" height=\"768\" src=\"https:\/\/el-ta.com.pl\/wp-content\/uploads\/2019\/11\/unnamed-3-1-1024x768.jpg\" alt=\"\" data-id=\"238\" data-link=\"https:\/\/el-ta.com.pl\/index.php\/marynowane\/unnamed-3-2\/\" class=\"wp-image-238\" srcset=\"http:\/\/el-ta.com.pl\/wp-content\/uploads\/2019\/11\/unnamed-3-1-1024x768.jpg 1024w, http:\/\/el-ta.com.pl\/wp-content\/uploads\/2019\/11\/unnamed-3-1-300x225.jpg 300w, http:\/\/el-ta.com.pl\/wp-content\/uploads\/2019\/11\/unnamed-3-1-768x576.jpg 768w\" sizes=\"auto, (max-width: 1024px) 100vw, 1024px\" \/><\/a><figcaption>BOROWIK SZLACHETNY MARYNOWANY 245ml<\/figcaption><\/figure><\/li><li class=\"blocks-gallery-item\"><figure><a href=\"https:\/\/el-ta.com.pl\/wp-content\/uploads\/2019\/11\/borowik-marynowany.jpg\"><img loading=\"lazy\" decoding=\"async\" width=\"3024\" height=\"4032\" src=\"https:\/\/el-ta.com.pl\/wp-content\/uploads\/2019\/11\/borowik-marynowany.jpg\" alt=\"\" data-id=\"215\" data-link=\"https:\/\/el-ta.com.pl\/index.php\/marynowane\/borowik-marynowany\/\" class=\"wp-image-215\" srcset=\"http:\/\/el-ta.com.pl\/wp-content\/uploads\/2019\/11\/borowik-marynowany.jpg 3024w, http:\/\/el-ta.com.pl\/wp-content\/uploads\/2019\/11\/borowik-marynowany-225x300.jpg 225w\" sizes=\"auto, (max-width: 3024px) 100vw, 3024px\" \/><\/a><figcaption>BOROWIK SZLACHETNY MARYNOWANY 245ml + \u015aWIECZKA<\/figcaption><\/figure><\/li><\/ul>\n\n\n\n<ul class=\"wp-block-gallery columns-1 is-cropped wp-block-gallery-3 is-layout-flex wp-block-gallery-is-layout-flex\"><li class=\"blocks-gallery-item\"><figure><img loading=\"lazy\" decoding=\"async\" width=\"938\" height=\"960\" src=\"https:\/\/el-ta.com.pl\/wp-content\/uploads\/2019\/12\/78038231_1218090261719148_8161822452482048000_n-1-1.jpg\" alt=\"\" data-id=\"414\" data-link=\"https:\/\/el-ta.com.pl\/index.php\/marynowane\/78038231_1218090261719148_8161822452482048000_n-1-2\/\" class=\"wp-image-414\" srcset=\"http:\/\/el-ta.com.pl\/wp-content\/uploads\/2019\/12\/78038231_1218090261719148_8161822452482048000_n-1-1.jpg 938w, http:\/\/el-ta.com.pl\/wp-content\/uploads\/2019\/12\/78038231_1218090261719148_8161822452482048000_n-1-1-293x300.jpg 293w, http:\/\/el-ta.com.pl\/wp-content\/uploads\/2019\/12\/78038231_1218090261719148_8161822452482048000_n-1-1-768x786.jpg 768w\" sizes=\"auto, (max-width: 938px) 100vw, 938px\" \/><figcaption> <br>Borowik Szlachetny marynowany 315ml, 900ml <\/figcaption><\/figure><\/li><\/ul>\n\n\n\n<h4 class=\"wp-block-heading\">Kurka Marynowana<\/h4>\n\n\n\n<ul class=\"wp-block-gallery columns-3 is-cropped wp-block-gallery-4 is-layout-flex wp-block-gallery-is-layout-flex\"><li class=\"blocks-gallery-item\"><figure><a href=\"https:\/\/el-ta.com.pl\/wp-content\/uploads\/2019\/11\/kurka-maronowana-768x1024.jpg\"><img loading=\"lazy\" decoding=\"async\" width=\"768\" height=\"1024\" src=\"https:\/\/el-ta.com.pl\/wp-content\/uploads\/2019\/11\/kurka-maronowana-768x1024.jpg\" alt=\"\" data-id=\"212\" data-link=\"https:\/\/el-ta.com.pl\/index.php\/marynowane\/kurka-maronowana\/\" class=\"wp-image-212\" srcset=\"http:\/\/el-ta.com.pl\/wp-content\/uploads\/2019\/11\/kurka-maronowana-768x1024.jpg 768w, http:\/\/el-ta.com.pl\/wp-content\/uploads\/2019\/11\/kurka-maronowana-225x300.jpg 225w\" sizes=\"auto, (max-width: 768px) 100vw, 768px\" \/><\/a><figcaption>KURKA MARYNOWANA 245ml + \u015aWIECZKA<\/figcaption><\/figure><\/li><li class=\"blocks-gallery-item\"><figure><a href=\"https:\/\/el-ta.com.pl\/wp-content\/uploads\/2019\/11\/unnamed-4-2-1024x768.jpg\"><img loading=\"lazy\" decoding=\"async\" width=\"1024\" height=\"768\" src=\"https:\/\/el-ta.com.pl\/wp-content\/uploads\/2019\/11\/unnamed-4-2-1024x768.jpg\" alt=\"\" data-id=\"241\" data-link=\"https:\/\/el-ta.com.pl\/index.php\/marynowane\/unnamed-4-3\/\" class=\"wp-image-241\" srcset=\"http:\/\/el-ta.com.pl\/wp-content\/uploads\/2019\/11\/unnamed-4-2-1024x768.jpg 1024w, http:\/\/el-ta.com.pl\/wp-content\/uploads\/2019\/11\/unnamed-4-2-300x225.jpg 300w, http:\/\/el-ta.com.pl\/wp-content\/uploads\/2019\/11\/unnamed-4-2-768x576.jpg 768w\" sizes=\"auto, (max-width: 1024px) 100vw, 1024px\" \/><\/a><figcaption>KURKA MARYNOWANA 245ml <\/figcaption><\/figure><\/li><li class=\"blocks-gallery-item\"><figure><a href=\"https:\/\/el-ta.com.pl\/wp-content\/uploads\/2019\/11\/unnamed-6-2-1024x768.jpg\"><img loading=\"lazy\" decoding=\"async\" width=\"1024\" height=\"768\" src=\"https:\/\/el-ta.com.pl\/wp-content\/uploads\/2019\/11\/unnamed-6-2-1024x768.jpg\" alt=\"\" data-id=\"251\" data-link=\"https:\/\/el-ta.com.pl\/index.php\/marynowane\/unnamed-6-3\/\" class=\"wp-image-251\" srcset=\"http:\/\/el-ta.com.pl\/wp-content\/uploads\/2019\/11\/unnamed-6-2-1024x768.jpg 1024w, http:\/\/el-ta.com.pl\/wp-content\/uploads\/2019\/11\/unnamed-6-2-300x225.jpg 300w, http:\/\/el-ta.com.pl\/wp-content\/uploads\/2019\/11\/unnamed-6-2-768x576.jpg 768w\" sizes=\"auto, (max-width: 1024px) 100vw, 1024px\" \/><\/a><figcaption>KURKA MARYNOWANA 315ml<\/figcaption><\/figure><\/li><li class=\"blocks-gallery-item\"><figure><a href=\"https:\/\/el-ta.com.pl\/wp-content\/uploads\/2019\/11\/unnamed-5-6-1024x768.jpg\"><img loading=\"lazy\" decoding=\"async\" width=\"1024\" height=\"768\" src=\"https:\/\/el-ta.com.pl\/wp-content\/uploads\/2019\/11\/unnamed-5-6-1024x768.jpg\" alt=\"\" data-id=\"250\" data-link=\"https:\/\/el-ta.com.pl\/index.php\/marynowane\/unnamed-5-7\/\" class=\"wp-image-250\" srcset=\"http:\/\/el-ta.com.pl\/wp-content\/uploads\/2019\/11\/unnamed-5-6-1024x768.jpg 1024w, http:\/\/el-ta.com.pl\/wp-content\/uploads\/2019\/11\/unnamed-5-6-300x225.jpg 300w, http:\/\/el-ta.com.pl\/wp-content\/uploads\/2019\/11\/unnamed-5-6-768x576.jpg 768w\" sizes=\"auto, (max-width: 1024px) 100vw, 1024px\" \/><\/a><figcaption>MA\u015aLAK PSTRY, KURKA, PODGRZYBEK BRUNATNY MARYNOWANE 315ml<\/figcaption><\/figure><\/li><\/ul>\n\n\n\n<h4 class=\"wp-block-heading\"> <br><\/h4>\n","protected":false},"excerpt":{"rendered":"<p>Uznaje si\u0119, \u017ce do marynowania nadaj\u0105 si\u0119 wszystkie grzyby jadalne, niekt\u00f3rzy eksperci wskazuj\u0105 tylko niekt\u00f3re gatunki do tego idealne &#8211; i tak &#8211; najlepiej wi\u0119c marynowa\u0107: Borowik Szlachetny, Podgrzybek Brunatny, Pieprznik Jadalny zwany Kurk\u0105, Ma\u015blak Zwyczajny, Ko\u017alarz, G\u0105ska zwana zielonk\u0105 . Wed\u0142ug tradycyjnych receptur nie powinno si\u0119 miesza\u0107 r\u00f3\u017cnych gatunk\u00f3w w jednym s\u0142oiku. Do marynowania<\/p>\n<a class=\"btn_a\" href=\"http:\/\/el-ta.com.pl\/index.php\/marynowane\/\"><span><i class=\"in_left fa fa-angle-right\"><\/i><span>Details<\/span><i class=\"in_right fa fa-angle-right\"><\/i><\/span><\/a>","protected":false},"author":1,"featured_media":483,"parent":0,"menu_order":0,"comment_status":"closed","ping_status":"closed","template":"","meta":{"_seopress_robots_primary_cat":"","footnotes":""},"class_list":["post-79","page","type-page","status-publish","has-post-thumbnail","hentry"],"_links":{"self":[{"href":"http:\/\/el-ta.com.pl\/index.php\/wp-json\/wp\/v2\/pages\/79","targetHints":{"allow":["GET"]}}],"collection":[{"href":"http:\/\/el-ta.com.pl\/index.php\/wp-json\/wp\/v2\/pages"}],"about":[{"href":"http:\/\/el-ta.com.pl\/index.php\/wp-json\/wp\/v2\/types\/page"}],"author":[{"embeddable":true,"href":"http:\/\/el-ta.com.pl\/index.php\/wp-json\/wp\/v2\/users\/1"}],"replies":[{"embeddable":true,"href":"http:\/\/el-ta.com.pl\/index.php\/wp-json\/wp\/v2\/comments?post=79"}],"version-history":[{"count":22,"href":"http:\/\/el-ta.com.pl\/index.php\/wp-json\/wp\/v2\/pages\/79\/revisions"}],"predecessor-version":[{"id":484,"href":"http:\/\/el-ta.com.pl\/index.php\/wp-json\/wp\/v2\/pages\/79\/revisions\/484"}],"wp:featuredmedia":[{"embeddable":true,"href":"http:\/\/el-ta.com.pl\/index.php\/wp-json\/wp\/v2\/media\/483"}],"wp:attachment":[{"href":"http:\/\/el-ta.com.pl\/index.php\/wp-json\/wp\/v2\/media?parent=79"}],"curies":[{"name":"wp","href":"https:\/\/api.w.org\/{rel}","templated":true}]}}