{"id":75,"date":"2019-11-13T16:34:00","date_gmt":"2019-11-13T15:34:00","guid":{"rendered":"https:\/\/el-ta.com.pl\/?page_id=75"},"modified":"2019-12-04T21:26:53","modified_gmt":"2019-12-04T20:26:53","slug":"swieze","status":"publish","type":"page","link":"http:\/\/el-ta.com.pl\/index.php\/swieze\/","title":{"rendered":"Grzyby \u015awie\u017ce"},"content":{"rendered":"\n<p> Dla grzybiarza w\u0142asnor\u0119cznie zebrane grzyby to prawdziwy rarytas. Ju\u017c samo zbieranie grzyb\u00f3w jest ciekaw\u0105 form\u0105 sp\u0119dzenia wolnego czasu. Oczywi\u015bcie zanim udamy si\u0119 na grzybobranie, trzeba sporo poczyta\u0107 o grzybach, zw\u0142aszcza dowiedzie\u0107 si\u0119 wszystkiego na temat gatunk\u00f3w truj\u0105cych. Nasi wykwalifikowani pracownicy i specjali\u015bci codziennie weryfikuj\u0105 i wnikliwie sprawdzaj\u0105 grzyby, kt\u00f3re dopiero co zosta\u0142y zerwane. Jeste\u015bmy pewni ich pierwszej \u015bwie\u017co\u015bci, a co najwa\u017cniejsze jako\u015bci! <\/p>\n\n\n\n<ul class=\"wp-block-gallery columns-1 is-cropped wp-block-gallery-1 is-layout-flex wp-block-gallery-is-layout-flex\"><li class=\"blocks-gallery-item\"><figure><a href=\"https:\/\/el-ta.com.pl\/wp-content\/uploads\/2019\/11\/1.jpg\"><img loading=\"lazy\" decoding=\"async\" width=\"780\" height=\"520\" src=\"https:\/\/el-ta.com.pl\/wp-content\/uploads\/2019\/11\/1.jpg\" alt=\"\" data-id=\"123\" data-link=\"https:\/\/el-ta.com.pl\/index.php\/swieze\/attachment\/1\/\" class=\"wp-image-123\" srcset=\"http:\/\/el-ta.com.pl\/wp-content\/uploads\/2019\/11\/1.jpg 780w, http:\/\/el-ta.com.pl\/wp-content\/uploads\/2019\/11\/1-300x200.jpg 300w, http:\/\/el-ta.com.pl\/wp-content\/uploads\/2019\/11\/1-768x512.jpg 768w, http:\/\/el-ta.com.pl\/wp-content\/uploads\/2019\/11\/1-90x60.jpg 90w\" sizes=\"auto, (max-width: 780px) 100vw, 780px\" \/><\/a><figcaption>PODGRZYBEK BRUNATNY (CA\u0141Y)<\/figcaption><\/figure><\/li><\/ul>\n\n\n\n<ul class=\"wp-block-gallery columns-3 is-cropped wp-block-gallery-2 is-layout-flex wp-block-gallery-is-layout-flex\"><li class=\"blocks-gallery-item\"><figure><a href=\"https:\/\/el-ta.com.pl\/wp-content\/uploads\/2019\/11\/4-1024x768.jpg\"><img loading=\"lazy\" decoding=\"async\" width=\"1024\" height=\"768\" src=\"https:\/\/el-ta.com.pl\/wp-content\/uploads\/2019\/11\/4-1024x768.jpg\" alt=\"\" data-id=\"126\" data-link=\"https:\/\/el-ta.com.pl\/index.php\/swieze\/attachment\/4\/\" class=\"wp-image-126\" srcset=\"http:\/\/el-ta.com.pl\/wp-content\/uploads\/2019\/11\/4.jpg 1024w, http:\/\/el-ta.com.pl\/wp-content\/uploads\/2019\/11\/4-300x225.jpg 300w, http:\/\/el-ta.com.pl\/wp-content\/uploads\/2019\/11\/4-768x576.jpg 768w\" sizes=\"auto, (max-width: 1024px) 100vw, 1024px\" \/><\/a><figcaption>BOROWIK SZLACHETNY &#8211; CA\u0141Y<\/figcaption><\/figure><\/li><li class=\"blocks-gallery-item\"><figure><a href=\"https:\/\/el-ta.com.pl\/wp-content\/uploads\/2019\/11\/5-1024x768.jpg\"><img loading=\"lazy\" decoding=\"async\" width=\"1024\" height=\"768\" src=\"https:\/\/el-ta.com.pl\/wp-content\/uploads\/2019\/11\/5-1024x768.jpg\" alt=\"\" data-id=\"127\" data-link=\"https:\/\/el-ta.com.pl\/index.php\/swieze\/attachment\/5\/\" class=\"wp-image-127\" srcset=\"http:\/\/el-ta.com.pl\/wp-content\/uploads\/2019\/11\/5.jpg 1024w, http:\/\/el-ta.com.pl\/wp-content\/uploads\/2019\/11\/5-300x225.jpg 300w, http:\/\/el-ta.com.pl\/wp-content\/uploads\/2019\/11\/5-768x576.jpg 768w\" sizes=\"auto, (max-width: 1024px) 100vw, 1024px\" \/><\/a><figcaption>BOROWIK SZLACHETNY &#8211; CA\u0141Y<\/figcaption><\/figure><\/li><li class=\"blocks-gallery-item\"><figure><a href=\"https:\/\/el-ta.com.pl\/wp-content\/uploads\/2019\/11\/IMGP3168m-1024x679.jpg\"><img loading=\"lazy\" decoding=\"async\" width=\"1024\" height=\"679\" src=\"https:\/\/el-ta.com.pl\/wp-content\/uploads\/2019\/11\/IMGP3168m-1024x679.jpg\" alt=\"\" data-id=\"226\" data-link=\"https:\/\/el-ta.com.pl\/index.php\/swieze\/imgp3168m\/\" class=\"wp-image-226\" srcset=\"http:\/\/el-ta.com.pl\/wp-content\/uploads\/2019\/11\/IMGP3168m-1024x679.jpg 1024w, http:\/\/el-ta.com.pl\/wp-content\/uploads\/2019\/11\/IMGP3168m-300x199.jpg 300w, http:\/\/el-ta.com.pl\/wp-content\/uploads\/2019\/11\/IMGP3168m-768x509.jpg 768w, http:\/\/el-ta.com.pl\/wp-content\/uploads\/2019\/11\/IMGP3168m-90x60.jpg 90w, http:\/\/el-ta.com.pl\/wp-content\/uploads\/2019\/11\/IMGP3168m.jpg 1479w\" sizes=\"auto, (max-width: 1024px) 100vw, 1024px\" \/><\/a><figcaption>BOROWIK SZLACHETNY &#8211; PLASTRY<\/figcaption><\/figure><\/li><\/ul>\n\n\n\n<ul class=\"wp-block-gallery columns-1 is-cropped wp-block-gallery-3 is-layout-flex wp-block-gallery-is-layout-flex\"><li class=\"blocks-gallery-item\"><figure><a href=\"https:\/\/el-ta.com.pl\/wp-content\/uploads\/2019\/11\/9.jpg\"><img loading=\"lazy\" decoding=\"async\" width=\"780\" height=\"520\" src=\"https:\/\/el-ta.com.pl\/wp-content\/uploads\/2019\/11\/9.jpg\" alt=\"\" data-id=\"132\" data-link=\"https:\/\/el-ta.com.pl\/?attachment_id=132\" class=\"wp-image-132\" srcset=\"http:\/\/el-ta.com.pl\/wp-content\/uploads\/2019\/11\/9.jpg 780w, http:\/\/el-ta.com.pl\/wp-content\/uploads\/2019\/11\/9-300x200.jpg 300w, http:\/\/el-ta.com.pl\/wp-content\/uploads\/2019\/11\/9-768x512.jpg 768w, http:\/\/el-ta.com.pl\/wp-content\/uploads\/2019\/11\/9-90x60.jpg 90w\" sizes=\"auto, (max-width: 780px) 100vw, 780px\" \/><\/a><figcaption>PIEPRZNIK JADALNY &#8211; KURKA<\/figcaption><\/figure><\/li><\/ul>\n\n\n\n<p><\/p>\n","protected":false},"excerpt":{"rendered":"<p>Dla grzybiarza w\u0142asnor\u0119cznie zebrane grzyby to prawdziwy rarytas. Ju\u017c samo zbieranie grzyb\u00f3w jest ciekaw\u0105 form\u0105 sp\u0119dzenia wolnego czasu. Oczywi\u015bcie zanim udamy si\u0119 na grzybobranie, trzeba sporo poczyta\u0107 o grzybach, zw\u0142aszcza dowiedzie\u0107 si\u0119 wszystkiego na temat gatunk\u00f3w truj\u0105cych. Nasi wykwalifikowani pracownicy i specjali\u015bci codziennie weryfikuj\u0105 i wnikliwie sprawdzaj\u0105 grzyby, kt\u00f3re dopiero co zosta\u0142y zerwane. Jeste\u015bmy pewni<\/p>\n<a class=\"btn_a\" href=\"http:\/\/el-ta.com.pl\/index.php\/swieze\/\"><span><i class=\"in_left fa fa-angle-right\"><\/i><span>Details<\/span><i class=\"in_right fa fa-angle-right\"><\/i><\/span><\/a>","protected":false},"author":1,"featured_media":0,"parent":0,"menu_order":0,"comment_status":"closed","ping_status":"closed","template":"","meta":{"_seopress_robots_primary_cat":"","footnotes":""},"class_list":["post-75","page","type-page","status-publish","hentry"],"_links":{"self":[{"href":"http:\/\/el-ta.com.pl\/index.php\/wp-json\/wp\/v2\/pages\/75","targetHints":{"allow":["GET"]}}],"collection":[{"href":"http:\/\/el-ta.com.pl\/index.php\/wp-json\/wp\/v2\/pages"}],"about":[{"href":"http:\/\/el-ta.com.pl\/index.php\/wp-json\/wp\/v2\/types\/page"}],"author":[{"embeddable":true,"href":"http:\/\/el-ta.com.pl\/index.php\/wp-json\/wp\/v2\/users\/1"}],"replies":[{"embeddable":true,"href":"http:\/\/el-ta.com.pl\/index.php\/wp-json\/wp\/v2\/comments?post=75"}],"version-history":[{"count":8,"href":"http:\/\/el-ta.com.pl\/index.php\/wp-json\/wp\/v2\/pages\/75\/revisions"}],"predecessor-version":[{"id":468,"href":"http:\/\/el-ta.com.pl\/index.php\/wp-json\/wp\/v2\/pages\/75\/revisions\/468"}],"wp:attachment":[{"href":"http:\/\/el-ta.com.pl\/index.php\/wp-json\/wp\/v2\/media?parent=75"}],"curies":[{"name":"wp","href":"https:\/\/api.w.org\/{rel}","templated":true}]}}