{"id":276,"date":"2019-11-28T17:44:22","date_gmt":"2019-11-28T16:44:22","guid":{"rendered":"https:\/\/el-ta.com.pl\/?page_id=276"},"modified":"2019-12-17T14:14:27","modified_gmt":"2019-12-17T13:14:27","slug":"inne","status":"publish","type":"page","link":"http:\/\/el-ta.com.pl\/index.php\/inne\/","title":{"rendered":"Inne"},"content":{"rendered":"\n<h4 class=\"wp-block-heading\">Mieszanka wigilijna <\/h4>\n\n\n\n<p>Mieszanka wigilijna to mix tradycyjnych suszonych owoc\u00f3w krajowych: jab\u0142ka, gruszka, \u015bliwka i aronia po ugotowaniu daj\u0105 pi\u0119kny zapach i smak. S\u0105 bogate w witaminy i pomagaj\u0105 w trawieniu. <\/p>\n\n\n\n<ul class=\"wp-block-gallery columns-1 is-cropped wp-block-gallery-1 is-layout-flex wp-block-gallery-is-layout-flex\"><li class=\"blocks-gallery-item\"><figure><img loading=\"lazy\" decoding=\"async\" width=\"720\" height=\"960\" src=\"https:\/\/el-ta.com.pl\/wp-content\/uploads\/2019\/12\/78756421_2457270191195460_2836574003471056896_n.jpg\" alt=\"\" data-id=\"494\" data-link=\"https:\/\/el-ta.com.pl\/index.php\/inne\/78756421_2457270191195460_2836574003471056896_n\/\" class=\"wp-image-494\" srcset=\"http:\/\/el-ta.com.pl\/wp-content\/uploads\/2019\/12\/78756421_2457270191195460_2836574003471056896_n.jpg 720w, http:\/\/el-ta.com.pl\/wp-content\/uploads\/2019\/12\/78756421_2457270191195460_2836574003471056896_n-225x300.jpg 225w\" sizes=\"auto, (max-width: 720px) 100vw, 720px\" \/><figcaption>Mieszanka wigilijna 150 g<\/figcaption><\/figure><\/li><\/ul>\n\n\n\n<h4 class=\"wp-block-heading\">Farsz grzybowy<\/h4>\n\n\n\n<p>Gotowy p\u00f3\u0142produkt, kt\u00f3ry nadaje si\u0119 na farsz do pierog\u00f3w, uszek, krokiet\u00f3w i innych rodzaj\u00f3w mi\u0119s. <\/p>\n\n\n\n<ul class=\"wp-block-gallery columns-0 is-cropped wp-block-gallery-2 is-layout-flex wp-block-gallery-is-layout-flex\"><\/ul>\n\n\n\n<p><a href=\"https:\/\/el-ta.com.pl\">GALERIA &#8211; TRWA \u0141ADOWANIE MAPY STRONY<\/a><\/p>\n","protected":false},"excerpt":{"rendered":"<p>Mieszanka wigilijna Mieszanka wigilijna to mix tradycyjnych suszonych owoc\u00f3w krajowych: jab\u0142ka, gruszka, \u015bliwka i aronia po ugotowaniu daj\u0105 pi\u0119kny zapach i smak. S\u0105 bogate w witaminy i pomagaj\u0105 w trawieniu. Farsz grzybowy Gotowy p\u00f3\u0142produkt, kt\u00f3ry nadaje si\u0119 na farsz do pierog\u00f3w, uszek, krokiet\u00f3w i innych rodzaj\u00f3w mi\u0119s. GALERIA &#8211; TRWA \u0141ADOWANIE MAPY STRONY<\/p>\n<a class=\"btn_a\" href=\"http:\/\/el-ta.com.pl\/index.php\/inne\/\"><span><i class=\"in_left fa fa-angle-right\"><\/i><span>Details<\/span><i class=\"in_right fa fa-angle-right\"><\/i><\/span><\/a>","protected":false},"author":1,"featured_media":0,"parent":0,"menu_order":0,"comment_status":"closed","ping_status":"closed","template":"","meta":{"_seopress_robots_primary_cat":"","footnotes":""},"class_list":["post-276","page","type-page","status-publish","hentry"],"_links":{"self":[{"href":"http:\/\/el-ta.com.pl\/index.php\/wp-json\/wp\/v2\/pages\/276","targetHints":{"allow":["GET"]}}],"collection":[{"href":"http:\/\/el-ta.com.pl\/index.php\/wp-json\/wp\/v2\/pages"}],"about":[{"href":"http:\/\/el-ta.com.pl\/index.php\/wp-json\/wp\/v2\/types\/page"}],"author":[{"embeddable":true,"href":"http:\/\/el-ta.com.pl\/index.php\/wp-json\/wp\/v2\/users\/1"}],"replies":[{"embeddable":true,"href":"http:\/\/el-ta.com.pl\/index.php\/wp-json\/wp\/v2\/comments?post=276"}],"version-history":[{"count":6,"href":"http:\/\/el-ta.com.pl\/index.php\/wp-json\/wp\/v2\/pages\/276\/revisions"}],"predecessor-version":[{"id":496,"href":"http:\/\/el-ta.com.pl\/index.php\/wp-json\/wp\/v2\/pages\/276\/revisions\/496"}],"wp:attachment":[{"href":"http:\/\/el-ta.com.pl\/index.php\/wp-json\/wp\/v2\/media?parent=276"}],"curies":[{"name":"wp","href":"https:\/\/api.w.org\/{rel}","templated":true}]}}