{"id":153,"date":"2019-11-16T12:46:19","date_gmt":"2019-11-16T11:46:19","guid":{"rendered":"https:\/\/el-ta.com.pl\/?page_id=153"},"modified":"2019-12-04T21:17:00","modified_gmt":"2019-12-04T20:17:00","slug":"nagrody-i-certyfikaty","status":"publish","type":"page","link":"http:\/\/el-ta.com.pl\/index.php\/nagrody-i-certyfikaty\/","title":{"rendered":"Nagrody i certyfikaty"},"content":{"rendered":"\n<p class=\"has-medium-font-size\">Nasze do\u015bwiadczenie zbudowali\u015bmy w oparciu o kilkadziesi\u0105t lat pracy w bran\u017cy. Cieszymy si\u0119 dobr\u0105 opini\u0105 w\u015br\u00f3d naszych klient\u00f3w w ca\u0142ej Polsce i Europie. Dbamy o poszerzanie naszej wiedzy na wielu p\u0142aszczyznach.<\/p>\n\n\n\n<p>Szczeg\u00f3ln\u0105 uwag\u0119 zwracamy na doskonalenie wiedzy i umiej\u0119tno\u015bci naszych pracownik\u00f3w, kt\u00f3rzy pracuj\u0105 w naszej rodzinnej firmie EL-TA. Z tego w\u0142a\u015bnie powodu pragniemy pochwali\u0107 si\u0119 Pa\u0144stwu zdobytymi przez nas wyr\u00f3\u017cnieniami i certyfikatami. <\/p>\n\n\n\n<div class=\"wp-block-image\"><figure class=\"aligncenter is-resized\"><img loading=\"lazy\" decoding=\"async\" src=\"https:\/\/el-ta.com.pl\/wp-content\/uploads\/2019\/12\/Inkedcert-2-got_LI-717x1024.jpg\" alt=\"\" class=\"wp-image-456\" width=\"362\" height=\"517\" srcset=\"http:\/\/el-ta.com.pl\/wp-content\/uploads\/2019\/12\/Inkedcert-2-got_LI-717x1024.jpg 717w, http:\/\/el-ta.com.pl\/wp-content\/uploads\/2019\/12\/Inkedcert-2-got_LI-210x300.jpg 210w, http:\/\/el-ta.com.pl\/wp-content\/uploads\/2019\/12\/Inkedcert-2-got_LI-768x1097.jpg 768w\" sizes=\"auto, (max-width: 362px) 100vw, 362px\" \/><figcaption> <br><em>\u015awiadectwo klasyfikatora grzyb\u00f3w SZYMON LEMIESZ NR 2878<\/em> <\/figcaption><\/figure><\/div>\n\n\n\n<div class=\"wp-block-image\"><figure class=\"aligncenter is-resized\"><img loading=\"lazy\" decoding=\"async\" src=\"https:\/\/el-ta.com.pl\/wp-content\/uploads\/2019\/12\/cert-3-got-739x1024.jpg\" alt=\"\" class=\"wp-image-429\" width=\"380\" height=\"526\" srcset=\"http:\/\/el-ta.com.pl\/wp-content\/uploads\/2019\/12\/cert-3-got-739x1024.jpg 739w, http:\/\/el-ta.com.pl\/wp-content\/uploads\/2019\/12\/cert-3-got-216x300.jpg 216w, http:\/\/el-ta.com.pl\/wp-content\/uploads\/2019\/12\/cert-3-got-768x1065.jpg 768w\" sizes=\"auto, (max-width: 380px) 100vw, 380px\" \/><figcaption><em>\u015awiadectwo grzyboznawcy NR. 1103<\/em><\/figcaption><\/figure><\/div>\n\n\n\n<div class=\"wp-block-image\"><figure class=\"aligncenter is-resized\"><img loading=\"lazy\" decoding=\"async\" src=\"https:\/\/el-ta.com.pl\/wp-content\/uploads\/2019\/12\/certyfikat-1-got-738x1024.jpg\" alt=\"\" class=\"wp-image-430\" width=\"382\" height=\"529\" srcset=\"http:\/\/el-ta.com.pl\/wp-content\/uploads\/2019\/12\/certyfikat-1-got-738x1024.jpg 738w, http:\/\/el-ta.com.pl\/wp-content\/uploads\/2019\/12\/certyfikat-1-got-216x300.jpg 216w, http:\/\/el-ta.com.pl\/wp-content\/uploads\/2019\/12\/certyfikat-1-got-768x1065.jpg 768w\" sizes=\"auto, (max-width: 382px) 100vw, 382px\" \/><figcaption><em>\u015awiadectwo klasyfikatora grzyb\u00f3w ELWIRA LEMIESZ NR314<\/em><\/figcaption><\/figure><\/div>\n","protected":false},"excerpt":{"rendered":"<p>Nasze do\u015bwiadczenie zbudowali\u015bmy w oparciu o kilkadziesi\u0105t lat pracy w bran\u017cy. Cieszymy si\u0119 dobr\u0105 opini\u0105 w\u015br\u00f3d naszych klient\u00f3w w ca\u0142ej Polsce i Europie. Dbamy o poszerzanie naszej wiedzy na wielu p\u0142aszczyznach. Szczeg\u00f3ln\u0105 uwag\u0119 zwracamy na doskonalenie wiedzy i umiej\u0119tno\u015bci naszych pracownik\u00f3w, kt\u00f3rzy pracuj\u0105 w naszej rodzinnej firmie EL-TA. Z tego w\u0142a\u015bnie powodu pragniemy pochwali\u0107 si\u0119<\/p>\n<a class=\"btn_a\" href=\"http:\/\/el-ta.com.pl\/index.php\/nagrody-i-certyfikaty\/\"><span><i class=\"in_left fa fa-angle-right\"><\/i><span>Details<\/span><i class=\"in_right fa fa-angle-right\"><\/i><\/span><\/a>","protected":false},"author":1,"featured_media":274,"parent":0,"menu_order":0,"comment_status":"closed","ping_status":"closed","template":"","meta":{"_seopress_robots_primary_cat":"","footnotes":""},"class_list":["post-153","page","type-page","status-publish","has-post-thumbnail","hentry"],"_links":{"self":[{"href":"http:\/\/el-ta.com.pl\/index.php\/wp-json\/wp\/v2\/pages\/153","targetHints":{"allow":["GET"]}}],"collection":[{"href":"http:\/\/el-ta.com.pl\/index.php\/wp-json\/wp\/v2\/pages"}],"about":[{"href":"http:\/\/el-ta.com.pl\/index.php\/wp-json\/wp\/v2\/types\/page"}],"author":[{"embeddable":true,"href":"http:\/\/el-ta.com.pl\/index.php\/wp-json\/wp\/v2\/users\/1"}],"replies":[{"embeddable":true,"href":"http:\/\/el-ta.com.pl\/index.php\/wp-json\/wp\/v2\/comments?post=153"}],"version-history":[{"count":3,"href":"http:\/\/el-ta.com.pl\/index.php\/wp-json\/wp\/v2\/pages\/153\/revisions"}],"predecessor-version":[{"id":457,"href":"http:\/\/el-ta.com.pl\/index.php\/wp-json\/wp\/v2\/pages\/153\/revisions\/457"}],"wp:featuredmedia":[{"embeddable":true,"href":"http:\/\/el-ta.com.pl\/index.php\/wp-json\/wp\/v2\/media\/274"}],"wp:attachment":[{"href":"http:\/\/el-ta.com.pl\/index.php\/wp-json\/wp\/v2\/media?parent=153"}],"curies":[{"name":"wp","href":"https:\/\/api.w.org\/{rel}","templated":true}]}}