{"id":12,"date":"2019-11-12T22:33:55","date_gmt":"2019-11-12T21:33:55","guid":{"rendered":"https:\/\/el-ta.com.pl\/?page_id=12"},"modified":"2022-11-16T18:54:32","modified_gmt":"2022-11-16T17:54:32","slug":"o-nas","status":"publish","type":"page","link":"http:\/\/el-ta.com.pl\/index.php\/o-nas\/","title":{"rendered":"O nas"},"content":{"rendered":"\n<p class=\"has-medium-font-size\">Jeste\u015bmy ma\u0142\u0105 rodzinn\u0105 firm\u0105 zajmuj\u0105ca si\u0119 od wielu lat sprzeda\u017c\u0105 i kupnem runa le\u015bnego. Znajdujemy si\u0119 w miejscowo\u015bci Pi\u0142ka , w samym sercu Puszczy Noteckiej w wojew\u00f3dztwie Wielkopolskim &#8211; bardzo blisko Poznania.<br><\/p>\n\n\n\n<p>Posiadamy w naszej bogatej ofercie grzyby suszone, marynowane, solone, mro\u017cone, sterylizowane oraz oczywi\u015bcie \u015bwie\u017co zerwane. Nasi stali klienci chwal\u0105 sobie r\u00f3wnie\u017c przetworzone przez nas owoce, kt\u00f3re idealnie pasuj\u0105 do \u015bwi\u0105tecznych potraw nadaj\u0105c im wyj\u0105tkowego smaku i tajemniczego aromatu. <\/p>\n\n\n\n<p>Na co dzie\u0144 wsp\u00f3\u0142pracujemy r\u00f3wnie\u017c z polskimi sieciami spo\u017cywczymi, gie\u0142dami owocowymi i warzywnymi w ca\u0142ej Polsce. Nasze produkty trafiaj\u0105 tak\u017ce daleko za granic\u0119 naszego kraju. Belgowie, Amerykanie, W\u0142osi, Kanadyjczycy i Niemcy znaj\u0105 ju\u017c smak naszych produkt\u00f3w. A ty? <\/p>\n","protected":false},"excerpt":{"rendered":"<p>Jeste\u015bmy ma\u0142\u0105 rodzinn\u0105 firm\u0105 zajmuj\u0105ca si\u0119 od wielu lat sprzeda\u017c\u0105 i kupnem runa le\u015bnego. Znajdujemy si\u0119 w miejscowo\u015bci Pi\u0142ka , w samym sercu Puszczy Noteckiej w wojew\u00f3dztwie Wielkopolskim &#8211; bardzo blisko Poznania. Posiadamy w naszej bogatej ofercie grzyby suszone, marynowane, solone, mro\u017cone, sterylizowane oraz oczywi\u015bcie \u015bwie\u017co zerwane. Nasi stali klienci chwal\u0105 sobie r\u00f3wnie\u017c przetworzone przez<\/p>\n<a class=\"btn_a\" href=\"http:\/\/el-ta.com.pl\/index.php\/o-nas\/\"><span><i class=\"in_left fa fa-angle-right\"><\/i><span>Details<\/span><i class=\"in_right fa fa-angle-right\"><\/i><\/span><\/a>","protected":false},"author":1,"featured_media":275,"parent":0,"menu_order":0,"comment_status":"closed","ping_status":"closed","template":"","meta":{"_seopress_robots_primary_cat":"","footnotes":""},"class_list":["post-12","page","type-page","status-publish","has-post-thumbnail","hentry"],"_links":{"self":[{"href":"http:\/\/el-ta.com.pl\/index.php\/wp-json\/wp\/v2\/pages\/12","targetHints":{"allow":["GET"]}}],"collection":[{"href":"http:\/\/el-ta.com.pl\/index.php\/wp-json\/wp\/v2\/pages"}],"about":[{"href":"http:\/\/el-ta.com.pl\/index.php\/wp-json\/wp\/v2\/types\/page"}],"author":[{"embeddable":true,"href":"http:\/\/el-ta.com.pl\/index.php\/wp-json\/wp\/v2\/users\/1"}],"replies":[{"embeddable":true,"href":"http:\/\/el-ta.com.pl\/index.php\/wp-json\/wp\/v2\/comments?post=12"}],"version-history":[{"count":10,"href":"http:\/\/el-ta.com.pl\/index.php\/wp-json\/wp\/v2\/pages\/12\/revisions"}],"predecessor-version":[{"id":506,"href":"http:\/\/el-ta.com.pl\/index.php\/wp-json\/wp\/v2\/pages\/12\/revisions\/506"}],"wp:featuredmedia":[{"embeddable":true,"href":"http:\/\/el-ta.com.pl\/index.php\/wp-json\/wp\/v2\/media\/275"}],"wp:attachment":[{"href":"http:\/\/el-ta.com.pl\/index.php\/wp-json\/wp\/v2\/media?parent=12"}],"curies":[{"name":"wp","href":"https:\/\/api.w.org\/{rel}","templated":true}]}}